{"id":6364,"date":"2026-01-19T08:39:07","date_gmt":"2026-01-19T08:39:07","guid":{"rendered":"https:\/\/abeving.dev-campus.fr\/?page_id=6364"},"modified":"2026-05-06T10:20:54","modified_gmt":"2026-05-06T10:20:54","slug":"tableau-de-synthese","status":"publish","type":"page","link":"https:\/\/abeving.dev-campus.fr\/index.php\/tableau-de-synthese\/","title":{"rendered":"Tableau de Synth\u00e8se"},"content":{"rendered":"\t\t<div data-elementor-type=\"wp-page\" data-elementor-id=\"6364\" class=\"elementor elementor-6364\">\n\t\t\t\t<div class=\"elementor-element elementor-element-2999330 e-flex e-con-boxed e-con e-parent\" data-id=\"2999330\" data-element_type=\"container\" data-e-type=\"container\">\n\t\t\t\t\t<div class=\"e-con-inner\">\n\t\t\t\t<div class=\"elementor-element elementor-element-061f339 elementor-widget elementor-widget-spacer\" data-id=\"061f339\" data-element_type=\"widget\" data-e-type=\"widget\" data-widget_type=\"spacer.default\">\n\t\t\t\t<div class=\"elementor-widget-container\">\n\t\t\t\t\t\t\t<div class=\"elementor-spacer\">\n\t\t\t<div class=\"elementor-spacer-inner\"><\/div>\n\t\t<\/div>\n\t\t\t\t\t\t<\/div>\n\t\t\t\t<\/div>\n\t\t\t\t\t<\/div>\n\t\t\t\t<\/div>\n\t\t<div class=\"elementor-element elementor-element-86e147d e-flex e-con-boxed e-con e-parent\" data-id=\"86e147d\" data-element_type=\"container\" data-e-type=\"container\">\n\t\t\t\t\t<div class=\"e-con-inner\">\n\t\t\t\t<div class=\"elementor-element elementor-element-cf9837b elementor-widget elementor-widget-image\" data-id=\"cf9837b\" data-element_type=\"widget\" data-e-type=\"widget\" data-widget_type=\"image.default\">\n\t\t\t\t<div class=\"elementor-widget-container\">\n\t\t\t\t\t\t\t\t\t\t\t\t\t\t\t\t<a href=\"https:\/\/abeving.dev-campus.fr\/wp-content\/uploads\/2026\/05\/8-BTS-SIO-Annexe-8-1-Tableau-de-synthese-Epreuve-E5-BTS-SIO-2026-1.png\" data-elementor-open-lightbox=\"yes\" data-elementor-lightbox-title=\"8-BTS-SIO-Annexe-8-1-Tableau-de-synthese-Epreuve-E5-BTS-SIO-2026-1\" data-elementor-lightbox-description=\"Tableau de synth\u00e8se\" data-e-action-hash=\"#elementor-action%3Aaction%3Dlightbox%26settings%3DeyJpZCI6Njc1NCwidXJsIjoiaHR0cHM6XC9cL2FiZXZpbmcuZGV2LWNhbXB1cy5mclwvd3AtY29udGVudFwvdXBsb2Fkc1wvMjAyNlwvMDVcLzgtQlRTLVNJTy1Bbm5leGUtOC0xLVRhYmxlYXUtZGUtc3ludGhlc2UtRXByZXV2ZS1FNS1CVFMtU0lPLTIwMjYtMS5wbmcifQ%3D%3D\">\n\t\t\t\t\t\t\t<img fetchpriority=\"high\" decoding=\"async\" width=\"724\" height=\"1024\" src=\"https:\/\/abeving.dev-campus.fr\/wp-content\/uploads\/2026\/05\/8-BTS-SIO-Annexe-8-1-Tableau-de-synthese-Epreuve-E5-BTS-SIO-2026-1-724x1024.png\" class=\"attachment-large size-large wp-image-6754\" alt=\"Tableau de synth\u00e8se\" srcset=\"https:\/\/abeving.dev-campus.fr\/wp-content\/uploads\/2026\/05\/8-BTS-SIO-Annexe-8-1-Tableau-de-synthese-Epreuve-E5-BTS-SIO-2026-1-724x1024.png 724w, https:\/\/abeving.dev-campus.fr\/wp-content\/uploads\/2026\/05\/8-BTS-SIO-Annexe-8-1-Tableau-de-synthese-Epreuve-E5-BTS-SIO-2026-1-212x300.png 212w, https:\/\/abeving.dev-campus.fr\/wp-content\/uploads\/2026\/05\/8-BTS-SIO-Annexe-8-1-Tableau-de-synthese-Epreuve-E5-BTS-SIO-2026-1-768x1086.png 768w, https:\/\/abeving.dev-campus.fr\/wp-content\/uploads\/2026\/05\/8-BTS-SIO-Annexe-8-1-Tableau-de-synthese-Epreuve-E5-BTS-SIO-2026-1-1086x1536.png 1086w, https:\/\/abeving.dev-campus.fr\/wp-content\/uploads\/2026\/05\/8-BTS-SIO-Annexe-8-1-Tableau-de-synthese-Epreuve-E5-BTS-SIO-2026-1-1448x2048.png 1448w, https:\/\/abeving.dev-campus.fr\/wp-content\/uploads\/2026\/05\/8-BTS-SIO-Annexe-8-1-Tableau-de-synthese-Epreuve-E5-BTS-SIO-2026-1.png 1654w\" sizes=\"(max-width: 724px) 100vw, 724px\" \/>\t\t\t\t\t\t\t\t<\/a>\n\t\t\t\t\t\t\t\t\t\t\t\t\t\t\t<\/div>\n\t\t\t\t<\/div>\n\t\t\t\t<div class=\"elementor-element elementor-element-069b1c4 elementor-align-center elementor-widget elementor-widget-button\" data-id=\"069b1c4\" data-element_type=\"widget\" data-e-type=\"widget\" data-widget_type=\"button.default\">\n\t\t\t\t<div class=\"elementor-widget-container\">\n\t\t\t\t\t\t\t\t\t<div class=\"elementor-button-wrapper\">\n\t\t\t\t\t<a class=\"elementor-button elementor-button-link elementor-size-sm\" href=\"https:\/\/abeving.dev-campus.fr\/wp-content\/uploads\/2026\/04\/8-BTS-SIO-Annexe-8-1-Tableau-de-synthese-Epreuve-E5-BTS-SIO-2026.pdf\" target=\"_blank\">\n\t\t\t\t\t\t<span class=\"elementor-button-content-wrapper\">\n\t\t\t\t\t\t\t\t\t<span class=\"elementor-button-text\">T\u00e9l\u00e9chargement du tableau de synth\u00e8se<\/span>\n\t\t\t\t\t<\/span>\n\t\t\t\t\t<\/a>\n\t\t\t\t<\/div>\n\t\t\t\t\t\t\t\t<\/div>\n\t\t\t\t<\/div>\n\t\t\t\t<div class=\"elementor-element elementor-element-817bc4c elementor-widget elementor-widget-spacer\" data-id=\"817bc4c\" data-element_type=\"widget\" data-e-type=\"widget\" data-widget_type=\"spacer.default\">\n\t\t\t\t<div class=\"elementor-widget-container\">\n\t\t\t\t\t\t\t<div class=\"elementor-spacer\">\n\t\t\t<div class=\"elementor-spacer-inner\"><\/div>\n\t\t<\/div>\n\t\t\t\t\t\t<\/div>\n\t\t\t\t<\/div>\n\t\t\t\t\t<\/div>\n\t\t\t\t<\/div>\n\t\t\t\t<\/div>\n\t\t","protected":false},"excerpt":{"rendered":"<p>T\u00e9l\u00e9chargement du tableau de synth\u00e8se<\/p>\n","protected":false},"author":1,"featured_media":0,"parent":0,"menu_order":0,"comment_status":"closed","ping_status":"closed","template":"","meta":{"site-sidebar-layout":"no-sidebar","site-content-layout":"","ast-site-content-layout":"full-width-container","site-content-style":"default","site-sidebar-style":"default","ast-global-header-display":"","ast-banner-title-visibility":"","ast-main-header-display":"","ast-hfb-above-header-display":"","ast-hfb-below-header-display":"","ast-hfb-mobile-header-display":"","site-post-title":"","ast-breadcrumbs-content":"","ast-featured-img":"disabled","footer-sml-layout":"","ast-disable-related-posts":"","theme-transparent-header-meta":"","adv-header-id-meta":"","stick-header-meta":"","header-above-stick-meta":"","header-main-stick-meta":"","header-below-stick-meta":"","astra-migrate-meta-layouts":"default","ast-page-background-enabled":"default","ast-page-background-meta":{"desktop":{"background-color":"var(--ast-global-color-5)","background-image":"","background-repeat":"repeat","background-position":"center center","background-size":"auto","background-attachment":"scroll","background-type":"","background-media":"","overlay-type":"","overlay-color":"","overlay-opacity":"","overlay-gradient":""},"tablet":{"background-color":"","background-image":"","background-repeat":"repeat","background-position":"center center","background-size":"auto","background-attachment":"scroll","background-type":"","background-media":"","overlay-type":"","overlay-color":"","overlay-opacity":"","overlay-gradient":""},"mobile":{"background-color":"","background-image":"","background-repeat":"repeat","background-position":"center center","background-size":"auto","background-attachment":"scroll","background-type":"","background-media":"","overlay-type":"","overlay-color":"","overlay-opacity":"","overlay-gradient":""}},"ast-content-background-meta":{"desktop":{"background-color":"var(--ast-global-color-4)","background-image":"","background-repeat":"repeat","background-position":"center center","background-size":"auto","background-attachment":"scroll","background-type":"","background-media":"","overlay-type":"","overlay-color":"","overlay-opacity":"","overlay-gradient":""},"tablet":{"background-color":"var(--ast-global-color-4)","background-image":"","background-repeat":"repeat","background-position":"center center","background-size":"auto","background-attachment":"scroll","background-type":"","background-media":"","overlay-type":"","overlay-color":"","overlay-opacity":"","overlay-gradient":""},"mobile":{"background-color":"var(--ast-global-color-4)","background-image":"","background-repeat":"repeat","background-position":"center center","background-size":"auto","background-attachment":"scroll","background-type":"","background-media":"","overlay-type":"","overlay-color":"","overlay-opacity":"","overlay-gradient":""}},"footnotes":""},"class_list":["post-6364","page","type-page","status-publish","hentry"],"_links":{"self":[{"href":"https:\/\/abeving.dev-campus.fr\/index.php\/wp-json\/wp\/v2\/pages\/6364","targetHints":{"allow":["GET"]}}],"collection":[{"href":"https:\/\/abeving.dev-campus.fr\/index.php\/wp-json\/wp\/v2\/pages"}],"about":[{"href":"https:\/\/abeving.dev-campus.fr\/index.php\/wp-json\/wp\/v2\/types\/page"}],"author":[{"embeddable":true,"href":"https:\/\/abeving.dev-campus.fr\/index.php\/wp-json\/wp\/v2\/users\/1"}],"replies":[{"embeddable":true,"href":"https:\/\/abeving.dev-campus.fr\/index.php\/wp-json\/wp\/v2\/comments?post=6364"}],"version-history":[{"count":55,"href":"https:\/\/abeving.dev-campus.fr\/index.php\/wp-json\/wp\/v2\/pages\/6364\/revisions"}],"predecessor-version":[{"id":6763,"href":"https:\/\/abeving.dev-campus.fr\/index.php\/wp-json\/wp\/v2\/pages\/6364\/revisions\/6763"}],"wp:attachment":[{"href":"https:\/\/abeving.dev-campus.fr\/index.php\/wp-json\/wp\/v2\/media?parent=6364"}],"curies":[{"name":"wp","href":"https:\/\/api.w.org\/{rel}","templated":true}]}}