{"id":620,"date":"2025-05-22T12:20:53","date_gmt":"2025-05-22T12:20:53","guid":{"rendered":"https:\/\/abeving.dev-campus.fr\/?page_id=620"},"modified":"2026-01-28T14:18:07","modified_gmt":"2026-01-28T14:18:07","slug":"entreprise","status":"publish","type":"page","link":"https:\/\/abeving.dev-campus.fr\/index.php\/entreprise\/","title":{"rendered":"Entreprise"},"content":{"rendered":"\t\t<div data-elementor-type=\"wp-page\" data-elementor-id=\"620\" class=\"elementor elementor-620\">\n\t\t\t\t<div class=\"elementor-element elementor-element-bc2c0d4 e-flex e-con-boxed e-con e-parent\" data-id=\"bc2c0d4\" data-element_type=\"container\" data-e-type=\"container\" data-settings=\"{&quot;background_background&quot;:&quot;classic&quot;}\">\n\t\t\t\t\t<div class=\"e-con-inner\">\n\t\t<div class=\"elementor-element elementor-element-9f6c024 e-con-full e-flex e-con e-child\" data-id=\"9f6c024\" data-element_type=\"container\" data-e-type=\"container\">\n\t\t\t\t<div class=\"elementor-element elementor-element-e5e8ba8 elementor-widget elementor-widget-spacer\" data-id=\"e5e8ba8\" data-element_type=\"widget\" data-e-type=\"widget\" data-widget_type=\"spacer.default\">\n\t\t\t\t<div class=\"elementor-widget-container\">\n\t\t\t\t\t\t\t<div class=\"elementor-spacer\">\n\t\t\t<div class=\"elementor-spacer-inner\"><\/div>\n\t\t<\/div>\n\t\t\t\t\t\t<\/div>\n\t\t\t\t<\/div>\n\t\t\t\t<\/div>\n\t\t<div class=\"elementor-element elementor-element-50823a0 e-con-full e-flex e-con e-child\" data-id=\"50823a0\" data-element_type=\"container\" data-e-type=\"container\" data-settings=\"{&quot;background_background&quot;:&quot;classic&quot;}\">\n\t\t\t\t<div class=\"elementor-element elementor-element-23832fa elementor-widget elementor-widget-heading\" data-id=\"23832fa\" data-element_type=\"widget\" data-e-type=\"widget\" data-widget_type=\"heading.default\">\n\t\t\t\t<div class=\"elementor-widget-container\">\n\t\t\t\t\t<h1 class=\"elementor-heading-title elementor-size-default\">Mon Entreprise<\/h1>\t\t\t\t<\/div>\n\t\t\t\t<\/div>\n\t\t\t\t<\/div>\n\t\t<div class=\"elementor-element elementor-element-11d9169 e-con-full e-flex e-con e-child\" data-id=\"11d9169\" data-element_type=\"container\" data-e-type=\"container\" data-settings=\"{&quot;background_background&quot;:&quot;classic&quot;}\">\n\t\t\t\t<div class=\"elementor-element elementor-element-600e20d elementor-widget elementor-widget-site-logo\" data-id=\"600e20d\" data-element_type=\"widget\" data-e-type=\"widget\" data-settings=\"{&quot;width&quot;:{&quot;unit&quot;:&quot;%&quot;,&quot;size&quot;:22,&quot;sizes&quot;:[]},&quot;width_tablet&quot;:{&quot;unit&quot;:&quot;%&quot;,&quot;size&quot;:30,&quot;sizes&quot;:[]},&quot;width_mobile&quot;:{&quot;unit&quot;:&quot;%&quot;,&quot;size&quot;:55,&quot;sizes&quot;:[]},&quot;align&quot;:&quot;center&quot;,&quot;space&quot;:{&quot;unit&quot;:&quot;%&quot;,&quot;size&quot;:&quot;&quot;,&quot;sizes&quot;:[]},&quot;space_tablet&quot;:{&quot;unit&quot;:&quot;%&quot;,&quot;size&quot;:&quot;&quot;,&quot;sizes&quot;:[]},&quot;space_mobile&quot;:{&quot;unit&quot;:&quot;%&quot;,&quot;size&quot;:&quot;&quot;,&quot;sizes&quot;:[]},&quot;image_border_radius&quot;:{&quot;unit&quot;:&quot;px&quot;,&quot;top&quot;:&quot;&quot;,&quot;right&quot;:&quot;&quot;,&quot;bottom&quot;:&quot;&quot;,&quot;left&quot;:&quot;&quot;,&quot;isLinked&quot;:true},&quot;image_border_radius_tablet&quot;:{&quot;unit&quot;:&quot;px&quot;,&quot;top&quot;:&quot;&quot;,&quot;right&quot;:&quot;&quot;,&quot;bottom&quot;:&quot;&quot;,&quot;left&quot;:&quot;&quot;,&quot;isLinked&quot;:true},&quot;image_border_radius_mobile&quot;:{&quot;unit&quot;:&quot;px&quot;,&quot;top&quot;:&quot;&quot;,&quot;right&quot;:&quot;&quot;,&quot;bottom&quot;:&quot;&quot;,&quot;left&quot;:&quot;&quot;,&quot;isLinked&quot;:true},&quot;caption_padding&quot;:{&quot;unit&quot;:&quot;px&quot;,&quot;top&quot;:&quot;&quot;,&quot;right&quot;:&quot;&quot;,&quot;bottom&quot;:&quot;&quot;,&quot;left&quot;:&quot;&quot;,&quot;isLinked&quot;:true},&quot;caption_padding_tablet&quot;:{&quot;unit&quot;:&quot;px&quot;,&quot;top&quot;:&quot;&quot;,&quot;right&quot;:&quot;&quot;,&quot;bottom&quot;:&quot;&quot;,&quot;left&quot;:&quot;&quot;,&quot;isLinked&quot;:true},&quot;caption_padding_mobile&quot;:{&quot;unit&quot;:&quot;px&quot;,&quot;top&quot;:&quot;&quot;,&quot;right&quot;:&quot;&quot;,&quot;bottom&quot;:&quot;&quot;,&quot;left&quot;:&quot;&quot;,&quot;isLinked&quot;:true},&quot;caption_space&quot;:{&quot;unit&quot;:&quot;px&quot;,&quot;size&quot;:0,&quot;sizes&quot;:[]},&quot;caption_space_tablet&quot;:{&quot;unit&quot;:&quot;px&quot;,&quot;size&quot;:&quot;&quot;,&quot;sizes&quot;:[]},&quot;caption_space_mobile&quot;:{&quot;unit&quot;:&quot;px&quot;,&quot;size&quot;:&quot;&quot;,&quot;sizes&quot;:[]}}\" data-widget_type=\"site-logo.default\">\n\t\t\t\t<div class=\"elementor-widget-container\">\n\t\t\t\t\t\t\t<div class=\"hfe-site-logo\">\n\t\t\t\t\t\t\t\t\t\t\t\t\t<a data-elementor-open-lightbox=\"\"  class='elementor-clickable' href=\"https:\/\/www.cinefeel.fr\/\" target=\"_blank\">\n\t\t\t\t\t\t\t<div class=\"hfe-site-logo-set\">           \n\t\t\t\t<div class=\"hfe-site-logo-container\">\n\t\t\t\t\t\t\t\t\t<img decoding=\"async\" class=\"hfe-site-logo-img elementor-animation-\"  src=\"https:\/\/abeving.dev-campus.fr\/wp-content\/uploads\/2025\/06\/unnamed-1-300x121.png\" alt=\"logo de l&#039;entreprise arcades\"\/>\n\t\t\t\t<\/div>\n\t\t\t<\/div>\n\t\t\t\t\t\t\t<\/a>\n\t\t\t\t\t\t<\/div>  \n\t\t\t\t\t\t\t<\/div>\n\t\t\t\t<\/div>\n\t\t\t\t<\/div>\n\t\t<div class=\"elementor-element elementor-element-4340af1 e-con-full e-flex e-con e-child\" data-id=\"4340af1\" data-element_type=\"container\" data-e-type=\"container\">\n\t\t\t\t<div class=\"elementor-element elementor-element-0c2d150 elementor-widget elementor-widget-image\" data-id=\"0c2d150\" data-element_type=\"widget\" data-e-type=\"widget\" data-widget_type=\"image.default\">\n\t\t\t\t<div class=\"elementor-widget-container\">\n\t\t\t\t\t\t\t\t\t\t\t\t\t\t\t<img fetchpriority=\"high\" decoding=\"async\" width=\"680\" height=\"510\" src=\"https:\/\/abeving.dev-campus.fr\/wp-content\/uploads\/2025\/06\/IMG_6060.webp\" class=\"attachment-large size-large wp-image-3068\" alt=\"entrep\u00f4t\" srcset=\"https:\/\/abeving.dev-campus.fr\/wp-content\/uploads\/2025\/06\/IMG_6060.webp 680w, https:\/\/abeving.dev-campus.fr\/wp-content\/uploads\/2025\/06\/IMG_6060-300x225.webp 300w\" sizes=\"(max-width: 680px) 100vw, 680px\" \/>\t\t\t\t\t\t\t\t\t\t\t\t\t\t\t<\/div>\n\t\t\t\t<\/div>\n\t\t\t\t<\/div>\n\t\t<div class=\"elementor-element elementor-element-1c6015c e-con-full e-flex e-con e-child\" data-id=\"1c6015c\" data-element_type=\"container\" data-e-type=\"container\" data-settings=\"{&quot;background_background&quot;:&quot;classic&quot;}\">\n\t\t\t\t<div class=\"elementor-element elementor-element-0e40c4b elementor-widget elementor-widget-heading\" data-id=\"0e40c4b\" data-element_type=\"widget\" data-e-type=\"widget\" data-widget_type=\"heading.default\">\n\t\t\t\t<div class=\"elementor-widget-container\">\n\t\t\t\t\t<h2 class=\"elementor-heading-title elementor-size-default\">Pr\u00e9sentation G\u00e9n\u00e9rale (histoire, orientation, partenaires)<\/h2>\t\t\t\t<\/div>\n\t\t\t\t<\/div>\n\t\t\t\t<div class=\"elementor-element elementor-element-63fb8ce elementor-widget elementor-widget-text-editor\" data-id=\"63fb8ce\" data-element_type=\"widget\" data-e-type=\"widget\" data-widget_type=\"text-editor.default\">\n\t\t\t\t<div class=\"elementor-widget-container\">\n\t\t\t\t\t\t\t\t\t<p data-start=\"484\" data-end=\"1115\">Fond\u00e9e en 1996 \u00e0 Vend\u0153uvres,<\/p><p data-start=\"484\" data-end=\"1115\">Arcad\u00e8s est une entreprise fran\u00e7aise sp\u00e9cialis\u00e9e dans la distribution de supports vid\u00e9o physiques (DVD, Blu-ray, 4K). Initialement ax\u00e9e sur la musique, elle s\u2019est rapidement recentr\u00e9e, d\u00e8s les ann\u00e9es 2000, sur le march\u00e9 du DVD, en pleine croissance \u00e0 cette \u00e9poque.<\/p><p data-start=\"484\" data-end=\"1115\">Depuis 2005, elle est install\u00e9e \u00e0 Ch\u00e2teauroux, o\u00f9 elle centralise ses activit\u00e9s logistiques. En 2015, sous la direction de Patrick Belz, l\u2019entreprise renforce ses partenariats avec des \u00e9diteurs de renom tels qu\u2019ARTE \u00c9ditions, Carlotta Films, Potemkine ou L\u2019Atelier d\u2019Images, tout en consolidant son mod\u00e8le de distribution multicanal.<\/p>\t\t\t\t\t\t\t\t<\/div>\n\t\t\t\t<\/div>\n\t\t\t\t<\/div>\n\t\t<div class=\"elementor-element elementor-element-bd206ab e-con-full e-flex e-con e-child\" data-id=\"bd206ab\" data-element_type=\"container\" data-e-type=\"container\" data-settings=\"{&quot;background_background&quot;:&quot;classic&quot;}\">\n\t\t\t\t<div class=\"elementor-element elementor-element-8ecafd4 elementor-widget elementor-widget-heading\" data-id=\"8ecafd4\" data-element_type=\"widget\" data-e-type=\"widget\" data-widget_type=\"heading.default\">\n\t\t\t\t<div class=\"elementor-widget-container\">\n\t\t\t\t\t<h2 class=\"elementor-heading-title elementor-size-default\">\u00c9v\u00e9nement Majeur et Situation Actuelle <\/h2>\t\t\t\t<\/div>\n\t\t\t\t<\/div>\n\t\t\t\t<div class=\"elementor-element elementor-element-81321b1 elementor-widget elementor-widget-text-editor\" data-id=\"81321b1\" data-element_type=\"widget\" data-e-type=\"widget\" data-widget_type=\"text-editor.default\">\n\t\t\t\t<div class=\"elementor-widget-container\">\n\t\t\t\t\t\t\t\t\t<p>En mai 2022, Arcad\u00e8s subit un violent orage de gr\u00eale qui d\u00e9truit enti\u00e8rement ses locaux, entra\u00eenant plus de 2.5 millions d\u2019euros de pertes.<\/p><p>Gr\u00e2ce \u00e0 la mobilisation de ses \u00e9quipes et de ses partenaires, l\u2019entreprise reconstruit un entrep\u00f4t moderne de 5 000 m\u00b2, \u00e9quip\u00e9 de technologies avanc\u00e9es telles que le \u201cPick to Light\u201d et le \u201cPut to Light\u201d.<\/p><p>Aujourd\u2019hui, Arcad\u00e8s distribue plus de 6 000 r\u00e9f\u00e9rences \u00e0 travers un r\u00e9seau de 3 000 points de vente en France, incluant librairies, enseignes culturelles et ind\u00e9pendants. Avec un chiffre d\u2019affaires de 11 millions d\u2019euros en 2022 et une ambition de croissance de +20 %, l\u2019entreprise affirme son r\u00f4le central dans la diffusion du cin\u00e9ma sur support physique.<\/p>\t\t\t\t\t\t\t\t<\/div>\n\t\t\t\t<\/div>\n\t\t\t\t<\/div>\n\t\t<div class=\"elementor-element elementor-element-1eaf8d8 e-con-full e-flex e-con e-child\" data-id=\"1eaf8d8\" data-element_type=\"container\" data-e-type=\"container\">\n\t\t\t\t<div class=\"elementor-element elementor-element-2114ef8 elementor-widget elementor-widget-image\" data-id=\"2114ef8\" data-element_type=\"widget\" data-e-type=\"widget\" data-widget_type=\"image.default\">\n\t\t\t\t<div class=\"elementor-widget-container\">\n\t\t\t\t\t\t\t\t\t\t\t\t\t\t\t<img decoding=\"async\" width=\"1024\" height=\"575\" src=\"https:\/\/abeving.dev-campus.fr\/wp-content\/uploads\/2025\/06\/66702487daa6824d6d8b45ca-1024x575.webp\" class=\"attachment-large size-large wp-image-3078\" alt=\"vue int\u00e9rieur entrep\u00f4t\" srcset=\"https:\/\/abeving.dev-campus.fr\/wp-content\/uploads\/2025\/06\/66702487daa6824d6d8b45ca-1024x575.webp 1024w, https:\/\/abeving.dev-campus.fr\/wp-content\/uploads\/2025\/06\/66702487daa6824d6d8b45ca-300x169.webp 300w, https:\/\/abeving.dev-campus.fr\/wp-content\/uploads\/2025\/06\/66702487daa6824d6d8b45ca-768x431.webp 768w, https:\/\/abeving.dev-campus.fr\/wp-content\/uploads\/2025\/06\/66702487daa6824d6d8b45ca.webp 1280w\" sizes=\"(max-width: 1024px) 100vw, 1024px\" \/>\t\t\t\t\t\t\t\t\t\t\t\t\t\t\t<\/div>\n\t\t\t\t<\/div>\n\t\t<div class=\"elementor-element elementor-element-2a98205 e-con-full e-flex e-con e-child\" data-id=\"2a98205\" data-element_type=\"container\" data-e-type=\"container\">\n\t\t\t\t<div class=\"elementor-element elementor-element-56606f9 elementor-align-center elementor-widget elementor-widget-button\" data-id=\"56606f9\" data-element_type=\"widget\" data-e-type=\"widget\" data-widget_type=\"button.default\">\n\t\t\t\t<div class=\"elementor-widget-container\">\n\t\t\t\t\t\t\t\t\t<div class=\"elementor-button-wrapper\">\n\t\t\t\t\t<a class=\"elementor-button elementor-button-link elementor-size-sm\" href=\"https:\/\/www.lanouvellerepublique.fr\/indre\/apres-l-orage-a-chateauroux-la-societe-arcades-en-quete-de-nouveaux-locaux\" target=\"_blank\">\n\t\t\t\t\t\t<span class=\"elementor-button-content-wrapper\">\n\t\t\t\t\t\t\t\t\t<span class=\"elementor-button-text\">\ud83d\udcf0 Lire l\u2019article dans la presse<\/span>\n\t\t\t\t\t<\/span>\n\t\t\t\t\t<\/a>\n\t\t\t\t<\/div>\n\t\t\t\t\t\t\t\t<\/div>\n\t\t\t\t<\/div>\n\t\t\t\t<\/div>\n\t\t\t\t<\/div>\n\t\t\t\t\t<\/div>\n\t\t\t\t<\/div>\n\t\t<div class=\"elementor-element elementor-element-bcc389f e-flex e-con-boxed e-con e-parent\" data-id=\"bcc389f\" data-element_type=\"container\" data-e-type=\"container\" data-settings=\"{&quot;background_background&quot;:&quot;classic&quot;}\">\n\t\t\t\t\t<div class=\"e-con-inner\">\n\t\t<div class=\"elementor-element elementor-element-bde4e62 e-con-full e-flex e-con e-child\" data-id=\"bde4e62\" data-element_type=\"container\" data-e-type=\"container\">\n\t\t\t\t<div class=\"elementor-element elementor-element-2daddc6 elementor-widget elementor-widget-image\" data-id=\"2daddc6\" data-element_type=\"widget\" data-e-type=\"widget\" data-widget_type=\"image.default\">\n\t\t\t\t<div class=\"elementor-widget-container\">\n\t\t\t\t\t\t\t\t\t\t\t\t\t\t\t<img decoding=\"async\" width=\"1024\" height=\"683\" src=\"https:\/\/abeving.dev-campus.fr\/wp-content\/uploads\/2025\/06\/6b421572-1369-4e17-b8cf-d24bc9e69f29-1024x683.webp\" class=\"attachment-large size-large wp-image-3082\" alt=\"illustration d\u00e9cor\" srcset=\"https:\/\/abeving.dev-campus.fr\/wp-content\/uploads\/2025\/06\/6b421572-1369-4e17-b8cf-d24bc9e69f29-1024x683.webp 1024w, https:\/\/abeving.dev-campus.fr\/wp-content\/uploads\/2025\/06\/6b421572-1369-4e17-b8cf-d24bc9e69f29-300x200.webp 300w, https:\/\/abeving.dev-campus.fr\/wp-content\/uploads\/2025\/06\/6b421572-1369-4e17-b8cf-d24bc9e69f29-768x512.webp 768w, https:\/\/abeving.dev-campus.fr\/wp-content\/uploads\/2025\/06\/6b421572-1369-4e17-b8cf-d24bc9e69f29.webp 1536w\" sizes=\"(max-width: 1024px) 100vw, 1024px\" \/>\t\t\t\t\t\t\t\t\t\t\t\t\t\t\t<\/div>\n\t\t\t\t<\/div>\n\t\t\t\t<\/div>\n\t\t<div class=\"elementor-element elementor-element-47d7308 e-con-full e-flex e-con e-child\" data-id=\"47d7308\" data-element_type=\"container\" data-e-type=\"container\" data-settings=\"{&quot;background_background&quot;:&quot;classic&quot;}\">\n\t\t\t\t<div class=\"elementor-element elementor-element-5dd39df elementor-widget elementor-widget-heading\" data-id=\"5dd39df\" data-element_type=\"widget\" data-e-type=\"widget\" data-widget_type=\"heading.default\">\n\t\t\t\t<div class=\"elementor-widget-container\">\n\t\t\t\t\t<h2 class=\"elementor-heading-title elementor-size-default\">Mes missions <\/h2>\t\t\t\t<\/div>\n\t\t\t\t<\/div>\n\t\t\t\t<div class=\"elementor-element elementor-element-9cd83f6 elementor-widget elementor-widget-text-editor\" data-id=\"9cd83f6\" data-element_type=\"widget\" data-e-type=\"widget\" data-widget_type=\"text-editor.default\">\n\t\t\t\t<div class=\"elementor-widget-container\">\n\t\t\t\t\t\t\t\t\t<p data-start=\"712\" data-end=\"1187\"><strong data-start=\"712\" data-end=\"743\">Tri intelligent des e-mails<\/strong> : On m\u2019a confi\u00e9 la mission d&rsquo;automatiser le traitement des e-mails entrants. L\u2019objectif \u00e9tait qu\u2019une IA puisse lire chaque message, reconna\u00eetre son contenu (ex. comptabilit\u00e9, stock, etc.) et le rediriger automatiquement vers le bon service. J\u2019ai utilis\u00e9 <strong data-start=\"998\" data-end=\"1010\">Make.com<\/strong> pour automatiser la lecture des e-mails et les classer dans un fichier Excel partag\u00e9. Cependant, l\u2019IA ne parvenait pas \u00e0 analyser le contenu de mani\u00e8re autonome avec pr\u00e9cision.<\/p><p data-start=\"1191\" data-end=\"1482\"><strong data-start=\"1191\" data-end=\"1232\">Prise de notes automatis\u00e9e en r\u00e9union<\/strong> : J\u2019ai \u00e9galement \u00e9t\u00e9 charg\u00e9 de tester des outils d\u2019IA capables de g\u00e9n\u00e9rer des comptes rendus automatiques. Apr\u00e8s plusieurs essais, l\u2019entreprise a finalement opt\u00e9 pour une solution d\u00e9j\u00e0 utilis\u00e9e par certains collaborateurs, qui r\u00e9pondait aux besoins.<\/p><p data-start=\"1486\" data-end=\"1909\"><strong data-start=\"1486\" data-end=\"1523\">OCR et analyse de feuilles papier<\/strong> : Une autre mission consistait \u00e0 num\u00e9riser des feuilles manuscrites remplies par les \u00e9quipes logistiques. L\u2019objectif \u00e9tait de permettre \u00e0 une IA de d\u00e9tecter automatiquement les temps de travail. Apr\u00e8s plusieurs tentatives (modification des formats, am\u00e9lioration de la lisibilit\u00e9, ajout de rep\u00e8res visuels), les r\u00e9sultats restaient partiels et insuffisants pour une exploitation fiable.<\/p><p data-start=\"1913\" data-end=\"2115\"><strong data-start=\"1913\" data-end=\"1946\">Veille technologique continue<\/strong> : Je reste en veille active sur les \u00e9volutions de l\u2019IA afin de proposer \u00e0 l\u2019entreprise des solutions nouvelles, pertinentes et susceptibles d\u2019am\u00e9liorer la productivit\u00e9.<\/p>\t\t\t\t\t\t\t\t<\/div>\n\t\t\t\t<\/div>\n\t\t\t\t<\/div>\n\t\t<div class=\"elementor-element elementor-element-abebd93 e-con-full e-flex e-con e-child\" data-id=\"abebd93\" data-element_type=\"container\" data-e-type=\"container\">\n\t\t\t\t<div class=\"elementor-element elementor-element-af4af47 elementor-widget elementor-widget-google_maps\" data-id=\"af4af47\" data-element_type=\"widget\" data-e-type=\"widget\" data-widget_type=\"google_maps.default\">\n\t\t\t\t<div class=\"elementor-widget-container\">\n\t\t\t\t\t\t\t<div class=\"elementor-custom-embed\">\n\t\t\t<iframe loading=\"lazy\"\n\t\t\t\t\tsrc=\"https:\/\/maps.google.com\/maps?q=Arcad%C3%A8s&#038;t=m&#038;z=10&#038;output=embed&#038;iwloc=near\"\n\t\t\t\t\ttitle=\"Arcad\u00e8s\"\n\t\t\t\t\taria-label=\"Arcad\u00e8s\"\n\t\t\t><\/iframe>\n\t\t<\/div>\n\t\t\t\t\t\t<\/div>\n\t\t\t\t<\/div>\n\t\t\t\t<\/div>\n\t\t\t\t\t<\/div>\n\t\t\t\t<\/div>\n\t\t\t\t<\/div>\n\t\t","protected":false},"excerpt":{"rendered":"<p>Mon Entreprise Pr\u00e9sentation G\u00e9n\u00e9rale (histoire, orientation, partenaires) Fond\u00e9e en 1996 \u00e0 Vend\u0153uvres, Arcad\u00e8s est une entreprise fran\u00e7aise sp\u00e9cialis\u00e9e dans la [&hellip;]<\/p>\n","protected":false},"author":1,"featured_media":0,"parent":0,"menu_order":0,"comment_status":"closed","ping_status":"closed","template":"elementor_canvas","meta":{"site-sidebar-layout":"no-sidebar","site-content-layout":"","ast-site-content-layout":"full-width-container","site-content-style":"default","site-sidebar-style":"default","ast-global-header-display":"","ast-banner-title-visibility":"","ast-main-header-display":"","ast-hfb-above-header-display":"","ast-hfb-below-header-display":"","ast-hfb-mobile-header-display":"","site-post-title":"disabled","ast-breadcrumbs-content":"","ast-featured-img":"disabled","footer-sml-layout":"","ast-disable-related-posts":"","theme-transparent-header-meta":"","adv-header-id-meta":"","stick-header-meta":"","header-above-stick-meta":"","header-main-stick-meta":"","header-below-stick-meta":"","astra-migrate-meta-layouts":"default","ast-page-background-enabled":"default","ast-page-background-meta":{"desktop":{"background-color":"var(--ast-global-color-5)","background-image":"","background-repeat":"repeat","background-position":"center center","background-size":"auto","background-attachment":"scroll","background-type":"","background-media":"","overlay-type":"","overlay-color":"","overlay-opacity":"","overlay-gradient":""},"tablet":{"background-color":"","background-image":"","background-repeat":"repeat","background-position":"center center","background-size":"auto","background-attachment":"scroll","background-type":"","background-media":"","overlay-type":"","overlay-color":"","overlay-opacity":"","overlay-gradient":""},"mobile":{"background-color":"","background-image":"","background-repeat":"repeat","background-position":"center center","background-size":"auto","background-attachment":"scroll","background-type":"","background-media":"","overlay-type":"","overlay-color":"","overlay-opacity":"","overlay-gradient":""}},"ast-content-background-meta":{"desktop":{"background-color":"var(--ast-global-color-4)","background-image":"","background-repeat":"repeat","background-position":"center center","background-size":"auto","background-attachment":"scroll","background-type":"","background-media":"","overlay-type":"","overlay-color":"","overlay-opacity":"","overlay-gradient":""},"tablet":{"background-color":"var(--ast-global-color-4)","background-image":"","background-repeat":"repeat","background-position":"center center","background-size":"auto","background-attachment":"scroll","background-type":"","background-media":"","overlay-type":"","overlay-color":"","overlay-opacity":"","overlay-gradient":""},"mobile":{"background-color":"var(--ast-global-color-4)","background-image":"","background-repeat":"repeat","background-position":"center center","background-size":"auto","background-attachment":"scroll","background-type":"","background-media":"","overlay-type":"","overlay-color":"","overlay-opacity":"","overlay-gradient":""}},"footnotes":""},"class_list":["post-620","page","type-page","status-publish","hentry"],"_links":{"self":[{"href":"https:\/\/abeving.dev-campus.fr\/index.php\/wp-json\/wp\/v2\/pages\/620","targetHints":{"allow":["GET"]}}],"collection":[{"href":"https:\/\/abeving.dev-campus.fr\/index.php\/wp-json\/wp\/v2\/pages"}],"about":[{"href":"https:\/\/abeving.dev-campus.fr\/index.php\/wp-json\/wp\/v2\/types\/page"}],"author":[{"embeddable":true,"href":"https:\/\/abeving.dev-campus.fr\/index.php\/wp-json\/wp\/v2\/users\/1"}],"replies":[{"embeddable":true,"href":"https:\/\/abeving.dev-campus.fr\/index.php\/wp-json\/wp\/v2\/comments?post=620"}],"version-history":[{"count":376,"href":"https:\/\/abeving.dev-campus.fr\/index.php\/wp-json\/wp\/v2\/pages\/620\/revisions"}],"predecessor-version":[{"id":6607,"href":"https:\/\/abeving.dev-campus.fr\/index.php\/wp-json\/wp\/v2\/pages\/620\/revisions\/6607"}],"wp:attachment":[{"href":"https:\/\/abeving.dev-campus.fr\/index.php\/wp-json\/wp\/v2\/media?parent=620"}],"curies":[{"name":"wp","href":"https:\/\/api.w.org\/{rel}","templated":true}]}}