{"id":5950,"date":"2025-09-15T12:20:21","date_gmt":"2025-09-15T12:20:21","guid":{"rendered":"https:\/\/abeving.dev-campus.fr\/?page_id=5950"},"modified":"2026-01-26T23:00:32","modified_gmt":"2026-01-26T23:00:32","slug":"glossaire","status":"publish","type":"page","link":"https:\/\/abeving.dev-campus.fr\/index.php\/glossaire\/","title":{"rendered":"Glossaire"},"content":{"rendered":"\t\t<div data-elementor-type=\"wp-page\" data-elementor-id=\"5950\" class=\"elementor elementor-5950\">\n\t\t\t\t<div class=\"elementor-element elementor-element-09f9b5e e-con-full e-flex e-con e-parent\" data-id=\"09f9b5e\" data-element_type=\"container\" data-e-type=\"container\" data-settings=\"{&quot;background_background&quot;:&quot;classic&quot;}\">\n\t\t\t\t<div class=\"elementor-element elementor-element-c937cf3 elementor-widget elementor-widget-spacer\" data-id=\"c937cf3\" data-element_type=\"widget\" data-e-type=\"widget\" data-widget_type=\"spacer.default\">\n\t\t\t\t<div class=\"elementor-widget-container\">\n\t\t\t\t\t\t\t<div class=\"elementor-spacer\">\n\t\t\t<div class=\"elementor-spacer-inner\"><\/div>\n\t\t<\/div>\n\t\t\t\t\t\t<\/div>\n\t\t\t\t<\/div>\n\t\t<div class=\"elementor-element elementor-element-6971486 e-con-full e-flex e-con e-child\" data-id=\"6971486\" data-element_type=\"container\" data-e-type=\"container\" data-settings=\"{&quot;background_background&quot;:&quot;classic&quot;}\">\n\t\t\t\t<div class=\"elementor-element elementor-element-fc0b2de elementor-widget elementor-widget-heading\" data-id=\"fc0b2de\" data-element_type=\"widget\" data-e-type=\"widget\" data-widget_type=\"heading.default\">\n\t\t\t\t<div class=\"elementor-widget-container\">\n\t\t\t\t\t<h1 class=\"elementor-heading-title elementor-size-default\">Glossaire<\/h1>\t\t\t\t<\/div>\n\t\t\t\t<\/div>\n\t\t\t\t<\/div>\n\t\t<div class=\"elementor-element elementor-element-9a1490f e-con-full e-flex e-con e-child\" data-id=\"9a1490f\" data-element_type=\"container\" data-e-type=\"container\">\n\t\t\t\t<div class=\"elementor-element elementor-element-37b8952 elementor-widget elementor-widget-shortcode\" data-id=\"37b8952\" data-element_type=\"widget\" data-e-type=\"widget\" data-widget_type=\"shortcode.default\">\n\t\t\t\t<div class=\"elementor-widget-container\">\n\t\t\t\t\t\t\t<div class=\"elementor-shortcode\"><a name='name_directory_position1'><\/a><h3 class='name_directory_title'><\/h3><div class=\"name_directory_index\"><a class=\"name_directory_startswith\" href=\"https:\/\/abeving.dev-campus.fr\/index.php\/glossaire\/?dir=1&name_directory_startswith=\">Tous<\/a> | <a class=\"name_directory_startswith  name_directory_empty\" href=\"https:\/\/abeving.dev-campus.fr\/index.php\/glossaire\/?dir=1&name_directory_startswith=%23\">#<\/a>  <a class=\"name_directory_startswith \" href=\"https:\/\/abeving.dev-campus.fr\/index.php\/glossaire\/?dir=1&name_directory_startswith=A\">A<\/a>  <a class=\"name_directory_startswith  name_directory_empty\" href=\"https:\/\/abeving.dev-campus.fr\/index.php\/glossaire\/?dir=1&name_directory_startswith=B\">B<\/a>  <a class=\"name_directory_startswith \" href=\"https:\/\/abeving.dev-campus.fr\/index.php\/glossaire\/?dir=1&name_directory_startswith=C\">C<\/a>  <a class=\"name_directory_startswith \" href=\"https:\/\/abeving.dev-campus.fr\/index.php\/glossaire\/?dir=1&name_directory_startswith=D\">D<\/a>  <a class=\"name_directory_startswith \" href=\"https:\/\/abeving.dev-campus.fr\/index.php\/glossaire\/?dir=1&name_directory_startswith=E\">E<\/a>  <a class=\"name_directory_startswith \" href=\"https:\/\/abeving.dev-campus.fr\/index.php\/glossaire\/?dir=1&name_directory_startswith=F\">F<\/a>  <a class=\"name_directory_startswith  name_directory_empty\" href=\"https:\/\/abeving.dev-campus.fr\/index.php\/glossaire\/?dir=1&name_directory_startswith=G\">G<\/a>  <a class=\"name_directory_startswith  name_directory_empty\" href=\"https:\/\/abeving.dev-campus.fr\/index.php\/glossaire\/?dir=1&name_directory_startswith=H\">H<\/a>  <a class=\"name_directory_startswith \" href=\"https:\/\/abeving.dev-campus.fr\/index.php\/glossaire\/?dir=1&name_directory_startswith=I\">I<\/a>  <a class=\"name_directory_startswith  name_directory_empty\" href=\"https:\/\/abeving.dev-campus.fr\/index.php\/glossaire\/?dir=1&name_directory_startswith=J\">J<\/a>  <a class=\"name_directory_startswith  name_directory_empty\" href=\"https:\/\/abeving.dev-campus.fr\/index.php\/glossaire\/?dir=1&name_directory_startswith=K\">K<\/a>  <a class=\"name_directory_startswith  name_directory_empty\" href=\"https:\/\/abeving.dev-campus.fr\/index.php\/glossaire\/?dir=1&name_directory_startswith=L\">L<\/a>  <a class=\"name_directory_startswith \" href=\"https:\/\/abeving.dev-campus.fr\/index.php\/glossaire\/?dir=1&name_directory_startswith=M\">M<\/a>  <a class=\"name_directory_startswith  name_directory_empty\" href=\"https:\/\/abeving.dev-campus.fr\/index.php\/glossaire\/?dir=1&name_directory_startswith=N\">N<\/a>  <a class=\"name_directory_startswith \" href=\"https:\/\/abeving.dev-campus.fr\/index.php\/glossaire\/?dir=1&name_directory_startswith=O\">O<\/a>  <a class=\"name_directory_startswith \" href=\"https:\/\/abeving.dev-campus.fr\/index.php\/glossaire\/?dir=1&name_directory_startswith=P\">P<\/a>  <a class=\"name_directory_startswith  name_directory_empty\" href=\"https:\/\/abeving.dev-campus.fr\/index.php\/glossaire\/?dir=1&name_directory_startswith=Q\">Q<\/a>  <a class=\"name_directory_startswith \" href=\"https:\/\/abeving.dev-campus.fr\/index.php\/glossaire\/?dir=1&name_directory_startswith=R\">R<\/a>  <a class=\"name_directory_startswith \" href=\"https:\/\/abeving.dev-campus.fr\/index.php\/glossaire\/?dir=1&name_directory_startswith=S\">S<\/a>  <a class=\"name_directory_startswith \" href=\"https:\/\/abeving.dev-campus.fr\/index.php\/glossaire\/?dir=1&name_directory_startswith=T\">T<\/a>  <a class=\"name_directory_startswith \" href=\"https:\/\/abeving.dev-campus.fr\/index.php\/glossaire\/?dir=1&name_directory_startswith=U\">U<\/a>  <a class=\"name_directory_startswith  name_directory_empty\" href=\"https:\/\/abeving.dev-campus.fr\/index.php\/glossaire\/?dir=1&name_directory_startswith=V\">V<\/a>  <a class=\"name_directory_startswith \" href=\"https:\/\/abeving.dev-campus.fr\/index.php\/glossaire\/?dir=1&name_directory_startswith=W\">W<\/a>  <a class=\"name_directory_startswith  name_directory_empty\" href=\"https:\/\/abeving.dev-campus.fr\/index.php\/glossaire\/?dir=1&name_directory_startswith=X\">X<\/a>  <a class=\"name_directory_startswith  name_directory_empty\" href=\"https:\/\/abeving.dev-campus.fr\/index.php\/glossaire\/?dir=1&name_directory_startswith=Y\">Y<\/a>  <a class=\"name_directory_startswith  name_directory_empty\" href=\"https:\/\/abeving.dev-campus.fr\/index.php\/glossaire\/?dir=1&name_directory_startswith=Z\">Z<\/a>  | <a href='https:\/\/abeving.dev-campus.fr\/index.php\/glossaire\/?dir=1&show_submitform=true'>Envoyer un budgie<\/a><br \/><form role='search' method='get' action=''><input type='search' autocomplete='off' aria-description='Directory names below will match your searchcriteria after submit' name='name-directory-search-value' id='name-directory-search-input-box' placeholder='Rechercher\u2026' \/><input type='hidden' name='dir' value='1' \/><input type='submit' id='name-directory-search-input-button' value='Rechercher' \/><\/form><\/div><div class=\"name_directory_total\">Il y a actuellement 33 budgies dans ce r\u00e9pertoire.<\/div><div class=\"name_directory_names\"><div class=\"name_directory_column name_directory_nr1\"><div class=\"name_directory_name_box\"><a name=\"namedirectory_AMOA\"><\/a><strong role=\"term\">AMOA<\/strong><br><div role=\"definition\">L'Assistant \u00e0 Ma\u00eetrise d'Ouvrage conseille et anticipe afin d'\u00e9viter les futurs \u00e9ventuels probl\u00e8mes lors de la r\u00e9alisation du projet<\/div><\/div><hr \/><div class=\"name_directory_name_box\"><a name=\"namedirectory_API\"><\/a><strong role=\"term\">API<\/strong><br><div role=\"definition\">(Application Programming interface) c'est un moyen permettant de faire communiquer deux programmes informatiques<\/div><\/div><hr \/><div class=\"name_directory_name_box\"><a name=\"namedirectory_CICD\"><\/a><strong role=\"term\">CI\/CD<\/strong><br><div role=\"definition\">(Int\u00e9gration Continue\/Livraison ou D\u00e9ploiement continu) Est une m\u00e9thodologie de d\u00e9veloppement logiciel dont l\u2019objectif est de permettre des mises \u00e0 jour fr\u00e9quentes et continues, plut\u00f4t que de regrouper de gros changements majeurs publi\u00e9s tous les six mois.<\/div><\/div><hr \/><div class=\"name_directory_name_box\"><a name=\"namedirectory_CMS\"><\/a><strong role=\"term\">CMS<\/strong><br><div role=\"definition\">(Content Management Systeme) C'est un logiciel en ligne permettant de cr\u00e9er, g\u00e9rer et modifier facilement un site web sans avoir besoins de connaissance technique en langage informatique (wordpress...)<\/div><\/div><hr \/><div class=\"name_directory_name_box\"><a name=\"namedirectory_CONTENEURISATION\"><\/a><strong role=\"term\">CONTENEURISATION <\/strong><br><div role=\"definition\">Consiste \u00e0 regrouper le code avec uniquement les biblioth\u00e8ques du syst\u00e8me d'exploitation et les d\u00e9pendances n\u00e9cessaires pour ex\u00e9cuter le code afin de cr\u00e9er un seul ex\u00e9cutable l\u00e9ger, appel\u00e9 conteneur, qui s'ex\u00e9cute de mani\u00e8re coh\u00e9rente sur n'importe quelle infrastructure.<\/div><\/div><hr \/><div class=\"name_directory_name_box\"><a name=\"namedirectory_CRM\"><\/a><strong role=\"term\">CRM<\/strong><br><div role=\"definition\">(Customer Relationship Management) C'est un outil ayant pour but d\u2019optimiser la gestion de la relation client, de suivre les ventes et d\u2019analyser la performance commerciale de l\u2019activit\u00e9 au sein de l\u2019entreprise.<\/div><\/div><hr \/><div class=\"name_directory_name_box\"><a name=\"namedirectory_DICTIONNAIREDEDONNEES\"><\/a><strong role=\"term\">DICTIONNAIRE DE DONNEES<\/strong><br><div role=\"definition\">Repr\u00e9sente l\u2019ensemble des donn\u00e9es manipul\u00e9es par le syst\u00e8me. Il permet \u00e0 l\u2019\u00e9quipe de d\u00e9veloppement d\u2019avoir acc\u00e8s \u00e0 la m\u00eame information d\u00e9taill\u00e9e sur l\u2019ensemble des donn\u00e9es se trouvant dans la base de donn\u00e9es.<\/div><\/div><hr \/><div class=\"name_directory_name_box\"><a name=\"namedirectory_DOM\"><\/a><strong role=\"term\">DOM<\/strong><br><div role=\"definition\">(Document Object Model) Relie les pages web aux scripts ou aux langages de programmation<\/div><\/div><hr \/><div class=\"name_directory_name_box\"><a name=\"namedirectory_EDI\"><\/a><strong role=\"term\">EDI<\/strong><br><div role=\"definition\">(Environnement de D\u00e9veloppement Int\u00e9gr\u00e9) exemples d\u2019EDI Visual Studio Code fournit aux d\u00e9veloppeurs un ensemble d\u2019outils int\u00e9gr\u00e9s pour \u00e9crire, tester et d\u00e9boguer du code.<\/div><\/div><hr \/><div class=\"name_directory_name_box\"><a name=\"namedirectory_EPORTFOLIO\"><\/a><strong role=\"term\">EPORTFOLIO<\/strong><br><div role=\"definition\">Un portfolio est un site web personnel permettant aux \u00e9tudiants de mettre en valeur leurs travaux, leur parcours professionnel et leurs comp\u00e9tences.<\/div><\/div><hr \/><div class=\"name_directory_name_box\"><a name=\"namedirectory_ERP\"><\/a><strong role=\"term\">ERP<\/strong><br><div role=\"definition\">(Enterprise Resource Planning) C'est un syst\u00e8me qui regroupe tous les outils et processus n\u00e9cessaires au bon fonctionnement d'une entreprise notamment les ressources humaines, la production, la cha\u00eene d'approvisionnement, la finance, la comptabilit\u00e9, etc.<\/div><\/div><hr \/><div class=\"name_directory_name_box\"><a name=\"namedirectory_ESN\"><\/a><strong role=\"term\">ESN<\/strong><br><div role=\"definition\">(Entreprise de Services du Num\u00e9rique) Est une entreprise qui fournit des services de conseil et de d\u00e9veloppement de logiciels et de technologies de l'information \u00e0 d'autres entreprises, souvent en \u00e9troite collaboration avec elles pour comprendre leurs besoins et d\u00e9velopper des solutions sur mesure.<\/div><\/div><hr \/><div class=\"name_directory_name_box\"><a name=\"namedirectory_FRAMEWORKS\"><\/a><strong role=\"term\">FRAMEWORKS<\/strong><br><div role=\"definition\">Un framework est une structure logicielle r\u00e9utilisable qui aide les d\u00e9veloppeurs \u00e0 concevoir des applications en imposant une architecture et en fournissant des fonctionnalit\u00e9s pr\u00eates \u00e0 l\u2019emploi.<\/div><\/div><hr \/><div class=\"name_directory_name_box\"><a name=\"namedirectory_IDE\"><\/a><strong role=\"term\">IDE<\/strong><br><div role=\"definition\">(Integrated Development Environment) est un logiciel qui regroupe tous les outils n\u00e9cessaires pour programmer dans une seule interface. (webstorm, phpstorm...)<\/div><\/div><hr \/><div class=\"name_directory_name_box\"><a name=\"namedirectory_MANTISBT\"><\/a><strong role=\"term\">MANTISBT<\/strong><br><div role=\"definition\">(Mantis Bug Tracker) C'est un outil de gestion des bugs permettant aux \u00e9quipes de d\u00e9veloppement de d\u00e9clarer, suivre, prioriser et corriger les anomalies d\u2019un projet logiciel au sein d\u2019une plateforme centralis\u00e9e.<\/div><\/div><hr \/><div class=\"name_directory_name_box\"><a name=\"namedirectory_MERISE\"><\/a><strong role=\"term\">MERISE<\/strong><br><div role=\"definition\">Est une m\u00e9thode d'analyse et de conception de syst\u00e8me d'information <\/div><\/div><hr \/><div class=\"name_directory_name_box\"><a name=\"namedirectory_MOA\"><\/a><strong role=\"term\">MOA<\/strong><br><div role=\"definition\">(Ma\u00eetrise d'Ouvrage) Il est responsable de la d\u00e9finition des besoins, des objectifs et de la validation du projet<\/div><\/div><hr \/><div class=\"name_directory_name_box\"><a name=\"namedirectory_MOE\"><\/a><strong role=\"term\">MOE<\/strong><br><div role=\"definition\">Le ma\u00eetre d\u2019\u0153uvre r\u00e9pond aux besoins exprim\u00e9s par le ma\u00eetre d\u2019ouvrage en assurant la conception et la r\u00e9alisation du produit.<\/div><\/div><hr \/><div class=\"name_directory_name_box\"><a name=\"namedirectory_MVC\"><\/a><strong role=\"term\">MVC<\/strong><br><div role=\"definition\">(Mod\u00e8le, Vue, Contr\u00f4leur) C'est une architecture qui permet de structurer et d\u2019organiser le code en s\u00e9parant les r\u00f4les.<\/div><\/div><hr \/><div class=\"name_directory_name_box\"><a name=\"namedirectory_MVP\"><\/a><strong role=\"term\">MVP<\/strong><br><div role=\"definition\">(Produit Minimum Viable) Est une premi\u00e8re version d\u2019un produit, d\u00e9velopp\u00e9e le plus t\u00f4t possible et \u00e0 moindre co\u00fbt, afin de le confronter aux utilisateurs et de recueillir leurs retours.<\/div><\/div><hr \/><div class=\"name_directory_name_box\"><a name=\"namedirectory_MVS\"><\/a><strong role=\"term\">MVS<\/strong><br><div role=\"definition\">Multiple Virtual Storage<\/div><\/div><hr \/><div class=\"name_directory_name_box\"><a name=\"namedirectory_OPENDATA\"><\/a><strong role=\"term\">OPEN DATA<\/strong><br><div role=\"definition\">Ce sont des donn\u00e9es num\u00e9riques produites par les acteurs publics et priv\u00e9s, diffus\u00e9es garantissant leur libre acc\u00e8s et facilitant leur r\u00e9utilisation.<\/div><\/div><hr \/><div class=\"name_directory_name_box\"><a name=\"namedirectory_ORM\"><\/a><strong role=\"term\">ORM<\/strong><br><div role=\"definition\">(Object-Relational Mapping) est un type de programme informatique qui se place en interface entre un programme applicatif et une base de donn\u00e9es relationnelle pour simuler une base de donn\u00e9es orient\u00e9e objet.<\/div><\/div><hr \/><div class=\"name_directory_name_box\"><a name=\"namedirectory_PHPMYADMIN\"><\/a><strong role=\"term\">PHPMYADMIN<\/strong><br><div role=\"definition\">Est une interface web permettant d\u2019administrer et de g\u00e9rer des bases de donn\u00e9es, notamment MySQL et MariaDB.<\/div><\/div><hr \/><div class=\"name_directory_name_box\"><a name=\"namedirectory_RECETTAGE\"><\/a><strong role=\"term\">RECETTAGE<\/strong><br><div role=\"definition\">C'est une succession de tests et de v\u00e9rifications de toutes les fonctionnalit\u00e9s impl\u00e9ment\u00e9es sur une application mobile ou un site web<\/div><\/div><hr \/><div class=\"name_directory_name_box\"><a name=\"namedirectory_REDIS\"><\/a><strong role=\"term\">REDIS<\/strong><br><div role=\"definition\">C'est une succession de tests et de v\u00e9rifications de toutes les fonctionnalit\u00e9s impl\u00e9ment\u00e9es sur une application mobile ou un site web<\/div><\/div><hr \/><div class=\"name_directory_name_box\"><a name=\"namedirectory_RESTful\"><\/a><strong role=\"term\">RESTful<\/strong><br><div role=\"definition\">API web qui respecte les principes de l\u2019architecture REST, o\u00f9 des ressources sont accessibles via des URLs et manipul\u00e9es \u00e0 l\u2019aide des m\u00e9thodes HTTP standard (GET, POST, PUT, DELETE). G\u00e9n\u00e9ralement en JSON.<\/div><\/div><hr \/><div class=\"name_directory_name_box\"><a name=\"namedirectory_SOLID\"><\/a><strong role=\"term\">SOLID<\/strong><br><div role=\"definition\">Regroupent cinq r\u00e8gles de conception logicielle destin\u00e9es \u00e0 am\u00e9liorer la qualit\u00e9 du code en facilitant sa maintenance, son \u00e9volution et sa compr\u00e9hension.<\/div><\/div><hr \/><div class=\"name_directory_name_box\"><a name=\"namedirectory_TMA\"><\/a><strong role=\"term\">TMA<\/strong><br><div role=\"definition\">D\u00e9signe la maintenance et l\u2019\u00e9volution d\u2019applications confi\u00e9es \u00e0 un prestataire externe.<\/div><\/div><hr \/><div class=\"name_directory_name_box\"><a name=\"namedirectory_TNR\"><\/a><strong role=\"term\">TNR<\/strong><br><div role=\"definition\">(Test de Non R\u00e9gression) Permet de v\u00e9rifier qu'il n'y a pas eu de r\u00e9gressions sur une application ou un site web. Il va v\u00e9rifier que l'ajout de fonctionnalit\u00e9s ou tout autres modifications n'auront pas impact\u00e9 les fonctionnalit\u00e9s cod\u00e9es en amont.<\/div><\/div><hr \/><div class=\"name_directory_name_box\"><a name=\"namedirectory_UML\"><\/a><strong role=\"term\">UML<\/strong><br><div role=\"definition\">(Unified Modeling Language) Est un langage graphique permettant de repr\u00e9senter le fonctionnement et l\u2019architecture d\u2019un logiciel \u00e0 l\u2019aide de diagrammes.<\/div><\/div><hr \/><div class=\"name_directory_name_box\"><a name=\"namedirectory_WBS\"><\/a><strong role=\"term\">WBS<\/strong><br><div role=\"definition\">(Work Breakdown Structure) Une m\u00e9thode de planification de projet qui consiste \u00e0 d\u00e9composer le travail en t\u00e2ches plus petites et plus g\u00e9rables pour faciliter sa gestion et son suivi<\/div><\/div><hr \/><div class=\"name_directory_name_box\"><a name=\"namedirectory_WMS\"><\/a><strong role=\"term\">WMS<\/strong><br><div role=\"definition\">(Warehouse Management System) C'est un logiciel qui aide les entreprises \u00e0 g\u00e9rer et \u00e0 contr\u00f4ler les op\u00e9rations d'entrep\u00f4t quotidiennes, de l'arriv\u00e9e des marchandises et des mat\u00e9riaux dans un centre de distribution ou de traitement jusqu'\u00e0 leur sortie.<\/div><\/div><\/div><\/div><br \/><br \/>\r\n              <a href='https:\/\/abeving.dev-campus.fr\/index.php\/glossaire\/?dir=1&show_submitform=true' \r\n                    class='name_directory_submit_bottom_link'>Envoyer un budgie<\/a><style>\r\n        .name_directory_readmore_state ~ .name_directory_readmore_trigger:before {\r\n            content: '... Afficher plus';\r\n        }\r\n       \r\n        .name_directory_readmore_state:checked ~ .name_directory_readmore_trigger:before {\r\n            content: 'Afficher moins';\r\n        }\r\n        <\/style><\/div>\n\t\t\t\t\t\t<\/div>\n\t\t\t\t<\/div>\n\t\t\t\t<\/div>\n\t\t\t\t<\/div>\n\t\t\t\t<\/div>\n\t\t","protected":false},"excerpt":{"rendered":"<p>Glossaire<\/p>\n","protected":false},"author":1,"featured_media":0,"parent":0,"menu_order":0,"comment_status":"closed","ping_status":"closed","template":"elementor_canvas","meta":{"site-sidebar-layout":"no-sidebar","site-content-layout":"","ast-site-content-layout":"full-width-container","site-content-style":"default","site-sidebar-style":"default","ast-global-header-display":"","ast-banner-title-visibility":"","ast-main-header-display":"","ast-hfb-above-header-display":"","ast-hfb-below-header-display":"","ast-hfb-mobile-header-display":"","site-post-title":"disabled","ast-breadcrumbs-content":"","ast-featured-img":"disabled","footer-sml-layout":"","ast-disable-related-posts":"","theme-transparent-header-meta":"","adv-header-id-meta":"","stick-header-meta":"","header-above-stick-meta":"","header-main-stick-meta":"","header-below-stick-meta":"","astra-migrate-meta-layouts":"default","ast-page-background-enabled":"default","ast-page-background-meta":{"desktop":{"background-color":"var(--ast-global-color-5)","background-image":"","background-repeat":"repeat","background-position":"center center","background-size":"auto","background-attachment":"scroll","background-type":"","background-media":"","overlay-type":"","overlay-color":"","overlay-opacity":"","overlay-gradient":""},"tablet":{"background-color":"","background-image":"","background-repeat":"repeat","background-position":"center center","background-size":"auto","background-attachment":"scroll","background-type":"","background-media":"","overlay-type":"","overlay-color":"","overlay-opacity":"","overlay-gradient":""},"mobile":{"background-color":"","background-image":"","background-repeat":"repeat","background-position":"center center","background-size":"auto","background-attachment":"scroll","background-type":"","background-media":"","overlay-type":"","overlay-color":"","overlay-opacity":"","overlay-gradient":""}},"ast-content-background-meta":{"desktop":{"background-color":"var(--ast-global-color-4)","background-image":"","background-repeat":"repeat","background-position":"center center","background-size":"auto","background-attachment":"scroll","background-type":"","background-media":"","overlay-type":"","overlay-color":"","overlay-opacity":"","overlay-gradient":""},"tablet":{"background-color":"var(--ast-global-color-4)","background-image":"","background-repeat":"repeat","background-position":"center center","background-size":"auto","background-attachment":"scroll","background-type":"","background-media":"","overlay-type":"","overlay-color":"","overlay-opacity":"","overlay-gradient":""},"mobile":{"background-color":"var(--ast-global-color-4)","background-image":"","background-repeat":"repeat","background-position":"center center","background-size":"auto","background-attachment":"scroll","background-type":"","background-media":"","overlay-type":"","overlay-color":"","overlay-opacity":"","overlay-gradient":""}},"footnotes":""},"class_list":["post-5950","page","type-page","status-publish","hentry"],"_links":{"self":[{"href":"https:\/\/abeving.dev-campus.fr\/index.php\/wp-json\/wp\/v2\/pages\/5950","targetHints":{"allow":["GET"]}}],"collection":[{"href":"https:\/\/abeving.dev-campus.fr\/index.php\/wp-json\/wp\/v2\/pages"}],"about":[{"href":"https:\/\/abeving.dev-campus.fr\/index.php\/wp-json\/wp\/v2\/types\/page"}],"author":[{"embeddable":true,"href":"https:\/\/abeving.dev-campus.fr\/index.php\/wp-json\/wp\/v2\/users\/1"}],"replies":[{"embeddable":true,"href":"https:\/\/abeving.dev-campus.fr\/index.php\/wp-json\/wp\/v2\/comments?post=5950"}],"version-history":[{"count":181,"href":"https:\/\/abeving.dev-campus.fr\/index.php\/wp-json\/wp\/v2\/pages\/5950\/revisions"}],"predecessor-version":[{"id":6581,"href":"https:\/\/abeving.dev-campus.fr\/index.php\/wp-json\/wp\/v2\/pages\/5950\/revisions\/6581"}],"wp:attachment":[{"href":"https:\/\/abeving.dev-campus.fr\/index.php\/wp-json\/wp\/v2\/media?parent=5950"}],"curies":[{"name":"wp","href":"https:\/\/api.w.org\/{rel}","templated":true}]}}